{"id":1134,"date":"2018-09-04T16:49:56","date_gmt":"2018-09-04T16:49:56","guid":{"rendered":"http:\/\/escapium-wp.dan-fisher.com\/?page_id=16"},"modified":"2018-09-04T16:49:56","modified_gmt":"2018-09-04T16:49:56","slug":"about-2","status":"publish","type":"page","link":"https:\/\/thehuntescape.com\/index.php\/about-2\/","title":{"rendered":"\u00bfC\u00f3mo funciona?"},"content":{"rendered":"\t\t<div data-elementor-type=\"wp-post\" data-elementor-id=\"1134\" class=\"elementor elementor-1134\">\n\t\t\t\t\t\t\t\t\t<section class=\"elementor-section elementor-top-section elementor-element elementor-element-c280751 elementor-section-boxed elementor-section-height-default elementor-section-height-default\" data-id=\"c280751\" data-element_type=\"section\">\n\t\t\t\t\t\t<div class=\"elementor-container elementor-column-gap-default\">\n\t\t\t\t\t<div class=\"elementor-column elementor-col-100 elementor-top-column elementor-element elementor-element-afc6364\" data-id=\"afc6364\" data-element_type=\"column\">\n\t\t\t<div class=\"elementor-widget-wrap elementor-element-populated\">\n\t\t\t\t\t\t\t\t<div class=\"elementor-element elementor-element-fe56eb5 elementor-widget elementor-widget-spacer\" data-id=\"fe56eb5\" data-element_type=\"widget\" data-widget_type=\"spacer.default\">\n\t\t\t\t<div class=\"elementor-widget-container\">\n\t\t\t<style>\/*! elementor - v3.13.2 - 11-05-2023 *\/\n.elementor-column .elementor-spacer-inner{height:var(--spacer-size)}.e-con{--container-widget-width:100%}.e-con-inner>.elementor-widget-spacer,.e-con>.elementor-widget-spacer{width:var(--container-widget-width,var(--spacer-size));--align-self:var(--container-widget-align-self,initial);--flex-shrink:0}.e-con-inner>.elementor-widget-spacer>.elementor-widget-container,.e-con-inner>.elementor-widget-spacer>.elementor-widget-container>.elementor-spacer,.e-con>.elementor-widget-spacer>.elementor-widget-container,.e-con>.elementor-widget-spacer>.elementor-widget-container>.elementor-spacer{height:100%}.e-con-inner>.elementor-widget-spacer>.elementor-widget-container>.elementor-spacer>.elementor-spacer-inner,.e-con>.elementor-widget-spacer>.elementor-widget-container>.elementor-spacer>.elementor-spacer-inner{height:var(--container-widget-height,var(--spacer-size))}<\/style>\t\t<div class=\"elementor-spacer\">\n\t\t\t<div class=\"elementor-spacer-inner\"><\/div>\n\t\t<\/div>\n\t\t\t\t<\/div>\n\t\t\t\t<\/div>\n\t\t\t\t<div class=\"elementor-element elementor-element-2298348 elementor-widget elementor-widget-escapium-heading-title\" data-id=\"2298348\" data-element_type=\"widget\" data-widget_type=\"escapium-heading-title.default\">\n\t\t\t\t<div class=\"elementor-widget-container\">\n\t\t\t\n\t\t<div class=\"section-heading section-heading--divider-top\">\n\t\t\t<h2 class=\"section-heading__title\">\u00bfC\u00f3mo funciona?<\/h2>\n\t\t\t\t\t<\/div>\n\n\t\t\t\t<\/div>\n\t\t\t\t<\/div>\n\t\t\t\t\t<\/div>\n\t\t<\/div>\n\t\t\t\t\t\t\t<\/div>\n\t\t<\/section>\n\t\t\t\t<section class=\"elementor-section elementor-top-section elementor-element elementor-element-6bbebab elementor-section-boxed elementor-section-height-default elementor-section-height-default\" data-id=\"6bbebab\" data-element_type=\"section\">\n\t\t\t\t\t\t<div class=\"elementor-container elementor-column-gap-default\">\n\t\t\t\t\t<div class=\"elementor-column elementor-col-33 elementor-top-column elementor-element elementor-element-498a1b0\" data-id=\"498a1b0\" data-element_type=\"column\">\n\t\t\t<div class=\"elementor-widget-wrap elementor-element-populated\">\n\t\t\t\t\t\t\t\t<div class=\"elementor-element elementor-element-43d74aa elementor-widget elementor-widget-escapium-iconbox\" data-id=\"43d74aa\" data-element_type=\"widget\" data-widget_type=\"escapium-iconbox.default\">\n\t\t\t\t<div class=\"elementor-widget-container\">\n\t\t\t\n\t\t<!-- Icobox -->\n\t\t<div class=\"icobox\">\n\t\t\t<div class=\"icobox__icon-wrapper\">\n\t\t\t\t<div class=\"icobox__icon\">\n\t\t\t\t\t<i class=\"icon-directions\"><\/i>\n\t\t\t\t<\/div>\n\t\t\t<\/div>\n\t\t\t<h3 class=\"icobox__title\">Decide tu camino<\/h3>\n\t\t\t<div class=\"icobox__desc\">\n\t\t\t\tDurante el juego tendr\u00e1s que tomar decisiones que cambiar\u00e1n el curso de tu historia. \u00a1Piensa con criterio y decide tu camino!\t\t\t\t\n\t\t\t<\/div>\n\t\t<\/div>\n\t\t<!-- Icobox \/ End -->\n\n\t\t\t\t<\/div>\n\t\t\t\t<\/div>\n\t\t\t\t\t<\/div>\n\t\t<\/div>\n\t\t\t\t<div class=\"elementor-column elementor-col-33 elementor-top-column elementor-element elementor-element-f15ca52\" data-id=\"f15ca52\" data-element_type=\"column\">\n\t\t\t<div class=\"elementor-widget-wrap elementor-element-populated\">\n\t\t\t\t\t\t\t\t<div class=\"elementor-element elementor-element-07903e2 elementor-widget elementor-widget-escapium-iconbox\" data-id=\"07903e2\" data-element_type=\"widget\" data-widget_type=\"escapium-iconbox.default\">\n\t\t\t\t<div class=\"elementor-widget-container\">\n\t\t\t\n\t\t<!-- Icobox -->\n\t\t<div class=\"icobox\">\n\t\t\t<div class=\"icobox__icon-wrapper\">\n\t\t\t\t<div class=\"icobox__icon\">\n\t\t\t\t\t<i class=\"icon-screen-smartphone\"><\/i>\n\t\t\t\t<\/div>\n\t\t\t<\/div>\n\t\t\t<h3 class=\"icobox__title\">Usa Tu Tel\u00e9fono<\/h3>\n\t\t\t<div class=\"icobox__desc\">\n\t\t\t\tRecibir\u00e1s la primera pista a trav\u00e9s de tu tel\u00e9fono y tendr\u00e1s que ir contestando con las diferentes soluciones. Tu tel\u00e9fono es la clave.\t\t\t\t\n\t\t\t<\/div>\n\t\t<\/div>\n\t\t<!-- Icobox \/ End -->\n\n\t\t\t\t<\/div>\n\t\t\t\t<\/div>\n\t\t\t\t\t<\/div>\n\t\t<\/div>\n\t\t\t\t<div class=\"elementor-column elementor-col-33 elementor-top-column elementor-element elementor-element-3b4f331\" data-id=\"3b4f331\" data-element_type=\"column\">\n\t\t\t<div class=\"elementor-widget-wrap elementor-element-populated\">\n\t\t\t\t\t\t\t\t<div class=\"elementor-element elementor-element-ae53a65 elementor-widget elementor-widget-escapium-iconbox\" data-id=\"ae53a65\" data-element_type=\"widget\" data-widget_type=\"escapium-iconbox.default\">\n\t\t\t\t<div class=\"elementor-widget-container\">\n\t\t\t\n\t\t<!-- Icobox -->\n\t\t<div class=\"icobox\">\n\t\t\t<div class=\"icobox__icon-wrapper\">\n\t\t\t\t<div class=\"icobox__icon\">\n\t\t\t\t\t<i class=\"icon-badge\"><\/i>\n\t\t\t\t<\/div>\n\t\t\t<\/div>\n\t\t\t<h3 class=\"icobox__title\">Interact\u00faa En Tu Aventura<\/h3>\n\t\t\t<div class=\"icobox__desc\">\n\t\t\t\tEn tu aventura tendr\u00e1s que interactuar con diferentes personajes que har\u00e1n de tu camino algo \u00fanico. \u00a1No tengas verg\u00fcenza!\t\t\t\t\n\t\t\t<\/div>\n\t\t<\/div>\n\t\t<!-- Icobox \/ End -->\n\n\t\t\t\t<\/div>\n\t\t\t\t<\/div>\n\t\t\t\t\t<\/div>\n\t\t<\/div>\n\t\t\t\t\t\t\t<\/div>\n\t\t<\/section>\n\t\t\t\t<section class=\"elementor-section elementor-top-section elementor-element elementor-element-f274670 elementor-section-full_width elementor-section-height-default elementor-section-height-default\" data-id=\"f274670\" data-element_type=\"section\" data-settings=\"{&quot;background_background&quot;:&quot;classic&quot;}\">\n\t\t\t\t\t\t<div class=\"elementor-container elementor-column-gap-default\">\n\t\t\t\t\t<div class=\"elementor-column elementor-col-100 elementor-top-column elementor-element elementor-element-8bc9288\" data-id=\"8bc9288\" data-element_type=\"column\">\n\t\t\t<div class=\"elementor-widget-wrap elementor-element-populated\">\n\t\t\t\t\t\t\t\t<div class=\"elementor-element elementor-element-0acb374 elementor-widget elementor-widget-spacer\" data-id=\"0acb374\" data-element_type=\"widget\" data-widget_type=\"spacer.default\">\n\t\t\t\t<div class=\"elementor-widget-container\">\n\t\t\t\t\t<div class=\"elementor-spacer\">\n\t\t\t<div class=\"elementor-spacer-inner\"><\/div>\n\t\t<\/div>\n\t\t\t\t<\/div>\n\t\t\t\t<\/div>\n\t\t\t\t\t<\/div>\n\t\t<\/div>\n\t\t\t\t\t\t\t<\/div>\n\t\t<\/section>\n\t\t\t\t<section class=\"elementor-section elementor-top-section elementor-element elementor-element-58aa154 elementor-section-boxed elementor-section-height-default elementor-section-height-default\" data-id=\"58aa154\" data-element_type=\"section\">\n\t\t\t\t\t\t<div class=\"elementor-container elementor-column-gap-default\">\n\t\t\t\t\t<div class=\"elementor-column elementor-col-100 elementor-top-column elementor-element elementor-element-e347904\" data-id=\"e347904\" data-element_type=\"column\">\n\t\t\t<div class=\"elementor-widget-wrap elementor-element-populated\">\n\t\t\t\t\t\t\t\t<div class=\"elementor-element elementor-element-1e5a68d elementor-widget elementor-widget-spacer\" data-id=\"1e5a68d\" data-element_type=\"widget\" data-widget_type=\"spacer.default\">\n\t\t\t\t<div class=\"elementor-widget-container\">\n\t\t\t\t\t<div class=\"elementor-spacer\">\n\t\t\t<div class=\"elementor-spacer-inner\"><\/div>\n\t\t<\/div>\n\t\t\t\t<\/div>\n\t\t\t\t<\/div>\n\t\t\t\t<div class=\"elementor-element elementor-element-c9cf21f elementor-widget elementor-widget-escapium-heading-title\" data-id=\"c9cf21f\" data-element_type=\"widget\" data-widget_type=\"escapium-heading-title.default\">\n\t\t\t\t<div class=\"elementor-widget-container\">\n\t\t\t\n\t\t<div class=\"section-heading section-heading--divider-top\">\n\t\t\t<h2 class=\"section-heading__title\">\u00bfQu\u00e9 dice la gente?<\/h2>\n\t\t\t\t\t<\/div>\n\n\t\t\t\t<\/div>\n\t\t\t\t<\/div>\n\t\t\t\t<div class=\"elementor-element elementor-element-b77048b elementor-widget elementor-widget-escapium-testimonials\" data-id=\"b77048b\" data-element_type=\"widget\" data-widget_type=\"escapium-testimonials.default\">\n\t\t\t\t<div class=\"elementor-widget-container\">\n\t\t\t\n\t\t\t\t\t<div class=\"testimonials js-testimonials-slick js-testimonials-slick-69f5d4a831ec4 slick--arrows-modern\" data-slick='{\"autoplay\": 1, \"autoplaySpeed\": 7000, \"slidesToShow\": 2}'>\n\t\t\t\t\t\t\t\t\t<div class=\"testimonial\">\n\t\t\t\t\t\t<blockquote class=\"testimonial__txt\">Nos gust\u00f3 mucho. Fue un descubrimiento sorprendente. Lo recomendamos al 100%.<\/blockquote>\n\t\t\t\t\t\t<div class=\"testimonial__meta\">\n\t\t\t\t\t\t\t<figure class=\"testimonial__author-img\"><img decoding=\"async\" src=\"https:\/\/thehuntzaragoza.com\/wp-content\/uploads\/2021\/03\/CR1.jpg\" alt=\"\"><\/figure>\n\t\t\t\t\t\t\t<h6 class=\"testimonial__author-name\">Cristina<\/h6>\n\t\t\t\t\t\t<\/div>\n\t\t\t\t\t<\/div>\n\t\t\t\t\t\t\t\t\t<div class=\"testimonial\">\n\t\t\t\t\t\t<blockquote class=\"testimonial__txt\">Fui con mi grupo de amigos y pasamos una tarde muy buena resolviendo el misterio de Hispania.<\/blockquote>\n\t\t\t\t\t\t<div class=\"testimonial__meta\">\n\t\t\t\t\t\t\t<figure class=\"testimonial__author-img\"><img decoding=\"async\" src=\"https:\/\/thehuntzaragoza.com\/wp-content\/uploads\/2021\/03\/TAJA.jpg\" alt=\"\"><\/figure>\n\t\t\t\t\t\t\t<h6 class=\"testimonial__author-name\">V\u00edctor<\/h6>\n\t\t\t\t\t\t<\/div>\n\t\t\t\t\t<\/div>\n\t\t\t\t\t\t\t<\/div>\n\t\t\n\t\t\t<\/div>\n\t\t\t\t<\/div>\n\t\t\t\t<div class=\"elementor-element elementor-element-152de3f elementor-widget elementor-widget-spacer\" data-id=\"152de3f\" data-element_type=\"widget\" data-widget_type=\"spacer.default\">\n\t\t\t\t<div class=\"elementor-widget-container\">\n\t\t\t\t\t<div class=\"elementor-spacer\">\n\t\t\t<div class=\"elementor-spacer-inner\"><\/div>\n\t\t<\/div>\n\t\t\t\t<\/div>\n\t\t\t\t<\/div>\n\t\t\t\t\t<\/div>\n\t\t<\/div>\n\t\t\t\t\t\t\t<\/div>\n\t\t<\/section>\n\t\t\t\t<section class=\"elementor-section elementor-top-section elementor-element elementor-element-109f062 section-content--tertiary elementor-section-boxed elementor-section-height-default elementor-section-height-default\" data-id=\"109f062\" data-element_type=\"section\" data-settings=\"{&quot;background_background&quot;:&quot;classic&quot;}\">\n\t\t\t\t\t\t<div class=\"elementor-container elementor-column-gap-default\">\n\t\t\t\t\t<div class=\"elementor-column elementor-col-16 elementor-top-column elementor-element elementor-element-1f2d4ae\" data-id=\"1f2d4ae\" data-element_type=\"column\">\n\t\t\t<div class=\"elementor-widget-wrap\">\n\t\t\t\t\t\t\t\t\t<\/div>\n\t\t<\/div>\n\t\t\t\t<div class=\"elementor-column elementor-col-66 elementor-top-column elementor-element elementor-element-6d0b588\" data-id=\"6d0b588\" data-element_type=\"column\">\n\t\t\t<div class=\"elementor-widget-wrap elementor-element-populated\">\n\t\t\t\t\t\t\t\t<div class=\"elementor-element elementor-element-0b9ceef elementor-widget elementor-widget-spacer\" data-id=\"0b9ceef\" data-element_type=\"widget\" data-widget_type=\"spacer.default\">\n\t\t\t\t<div class=\"elementor-widget-container\">\n\t\t\t\t\t<div class=\"elementor-spacer\">\n\t\t\t<div class=\"elementor-spacer-inner\"><\/div>\n\t\t<\/div>\n\t\t\t\t<\/div>\n\t\t\t\t<\/div>\n\t\t\t\t<div class=\"elementor-element elementor-element-b0cda8b elementor-widget elementor-widget-escapium-heading-title\" data-id=\"b0cda8b\" data-element_type=\"widget\" data-widget_type=\"escapium-heading-title.default\">\n\t\t\t\t<div class=\"elementor-widget-container\">\n\t\t\t\n\t\t<div class=\"section-heading section-heading--divider-top\">\n\t\t\t<h2 class=\"section-heading__title\">FAQs<\/h2>\n\t\t\t\t\t\t<div class=\"section-heading__subtitle section-heading__subtitle--default\">\n\t\t\t\tSi tu duda no est\u00e1 contestada, preg\u00fantanos.\t\t\t<\/div>\n\t\t\t\t\t<\/div>\n\n\t\t\t\t<\/div>\n\t\t\t\t<\/div>\n\t\t\t\t<div class=\"elementor-element elementor-element-843ecaf elementor-widget elementor-widget-escapium-accordion\" data-id=\"843ecaf\" data-element_type=\"widget\" data-widget_type=\"escapium-accordion.default\">\n\t\t\t\t<div class=\"elementor-widget-container\">\n\t\t\t\n\t\t\t\t\t<div id=\"accordion-69f5d4a834873\" role=\"tablist\" class=\"accordion\">\n\t\t\t\t\t\t\t\t\t\t\t\t\t\t<div class=\"accordion__item\">\n\t\t\t\t\t\t<a role=\"tab\" id=\"headingb60b3cd\" data-toggle=\"collapse\" href=\"#collapseb60b3cd\" aria-expanded=\"false\" aria-controls=\"collapseb60b3cd\" class=\"accordion__item-header collapsed\">\n\t\t\t\t\t\t\t<h3>\u00bfC\u00f3mo funciona The Hunt?<\/h3>\n\t\t\t\t\t\t<\/a>\n\t\t\t\t\t\t<div id=\"collapseb60b3cd\" class=\"collapse\" role=\"tabpanel\" aria-labelledby=\"headingb60b3cd\" data-parent=\"#accordion-69f5d4a834873\">\n\t\t\t\t\t\t\t<div class=\"accordion__item-body\">El primer paso es elegir un juego. Todos tienen una duraci\u00f3n similar (unas 2 horas). Con tu reserva recibir\u00e1s un mensaje en tu m\u00f3vil con los datos de la misma y el lugar donde comenzar\u00e1 tu aventura. Cuando est\u00e9s listo deber\u00e1s contestar a dicho mensaje con \"empezar\". A partir de ese momento, comenzar\u00e1s a recibir pistas en tu tel\u00e9fono, deber\u00e1s ir contestando con la soluci\u00f3n a los enigmas hasta que completes la aventura.<\/div>\n\t\t\t\t\t\t<\/div>\n\t\t\t\t\t<\/div>\n\t\t\t\t\t\t\t\t\t\t\t\t\t\t<div class=\"accordion__item\">\n\t\t\t\t\t\t<a role=\"tab\" id=\"heading43ad721\" data-toggle=\"collapse\" href=\"#collapse43ad721\" aria-expanded=\"false\" aria-controls=\"collapse43ad721\" class=\"accordion__item-header collapsed\">\n\t\t\t\t\t\t\t<h3>\u00bfPuedo jugar pese a las restricciones COVID-19?<\/h3>\n\t\t\t\t\t\t<\/a>\n\t\t\t\t\t\t<div id=\"collapse43ad721\" class=\"collapse\" role=\"tabpanel\" aria-labelledby=\"heading43ad721\" data-parent=\"#accordion-69f5d4a834873\">\n\t\t\t\t\t\t\t<div class=\"accordion__item-body\">S\u00ed, sin problemas. Nuestros juegos son al aire libre, por lo que est\u00e1n completamente permitidos. Es cierto que en determinados momentos tendr\u00e9is que entrar en ciertos lugares, por lo que ten\u00e9is que tener en cuenta las restricciones, sobre todo en tema horarios y aforos. <\/div>\n\t\t\t\t\t\t<\/div>\n\t\t\t\t\t<\/div>\n\t\t\t\t\t\t\t\t\t\t\t\t\t\t<div class=\"accordion__item\">\n\t\t\t\t\t\t<a role=\"tab\" id=\"heading75db9d2\" data-toggle=\"collapse\" href=\"#collapse75db9d2\" aria-expanded=\"false\" aria-controls=\"collapse75db9d2\" class=\"accordion__item-header collapsed\">\n\t\t\t\t\t\t\t<h3>\u00bfCu\u00e1nto duran los juegos?<\/h3>\n\t\t\t\t\t\t<\/a>\n\t\t\t\t\t\t<div id=\"collapse75db9d2\" class=\"collapse\" role=\"tabpanel\" aria-labelledby=\"heading75db9d2\" data-parent=\"#accordion-69f5d4a834873\">\n\t\t\t\t\t\t\t<div class=\"accordion__item-body\">Depende. Ciertos grupos pueden tener m\u00e1s facilidad a la hora de resolver las pistas y completar la aventura. El tiempo estimado de duraci\u00f3n es de 1h y 30 minutos a 3 horas.<\/div>\n\t\t\t\t\t\t<\/div>\n\t\t\t\t\t<\/div>\n\t\t\t\t\t\t\t\t\t\t\t\t\t\t<div class=\"accordion__item\">\n\t\t\t\t\t\t<a role=\"tab\" id=\"headingdec7ba4\" data-toggle=\"collapse\" href=\"#collapsedec7ba4\" aria-expanded=\"false\" aria-controls=\"collapsedec7ba4\" class=\"accordion__item-header collapsed\">\n\t\t\t\t\t\t\t<h3>\u00bfPodemos jugar m\u00e1s de 6 personas?<\/h3>\n\t\t\t\t\t\t<\/a>\n\t\t\t\t\t\t<div id=\"collapsedec7ba4\" class=\"collapse\" role=\"tabpanel\" aria-labelledby=\"headingdec7ba4\" data-parent=\"#accordion-69f5d4a834873\">\n\t\t\t\t\t\t\t<div class=\"accordion__item-body\">\u00a1Claro! En caso de ser m\u00e1s de seis personas, la aventura ser\u00e1 una competici\u00f3n por equipos. Ganar\u00e1 el que menos tiempo tarde en acabar el juego. \u00a1Hac\u00e9dnoslo saber en vuestra reserva!<\/div>\n\t\t\t\t\t\t<\/div>\n\t\t\t\t\t<\/div>\n\t\t\t\t\t\t\t\t\t\t\t\t\t\t<div class=\"accordion__item\">\n\t\t\t\t\t\t<a role=\"tab\" id=\"heading0d54d9f\" data-toggle=\"collapse\" href=\"#collapse0d54d9f\" aria-expanded=\"false\" aria-controls=\"collapse0d54d9f\" class=\"accordion__item-header collapsed\">\n\t\t\t\t\t\t\t<h3>\u00bfQu\u00e9 debo llevar?<\/h3>\n\t\t\t\t\t\t<\/a>\n\t\t\t\t\t\t<div id=\"collapse0d54d9f\" class=\"collapse\" role=\"tabpanel\" aria-labelledby=\"heading0d54d9f\" data-parent=\"#accordion-69f5d4a834873\">\n\t\t\t\t\t\t\t<div class=\"accordion__item-body\">Nuestros juegos se realizan a trav\u00e9s de la ciudad, por lo que tendr\u00e9is que desplazaros a pie. Por ello, es altamente recomendable que veng\u00e1is con calzado c\u00f3modo y ropa adecuada al tiempo.<\/div>\n\t\t\t\t\t\t<\/div>\n\t\t\t\t\t<\/div>\n\t\t\t\t\t\t\t\t\t\t\t\t\t\t<div class=\"accordion__item\">\n\t\t\t\t\t\t<a role=\"tab\" id=\"heading1b7cbb1\" data-toggle=\"collapse\" href=\"#collapse1b7cbb1\" aria-expanded=\"false\" aria-controls=\"collapse1b7cbb1\" class=\"accordion__item-header collapsed\">\n\t\t\t\t\t\t\t<h3>\u00bfC\u00f3mo puedo pagar?<\/h3>\n\t\t\t\t\t\t<\/a>\n\t\t\t\t\t\t<div id=\"collapse1b7cbb1\" class=\"collapse\" role=\"tabpanel\" aria-labelledby=\"heading1b7cbb1\" data-parent=\"#accordion-69f5d4a834873\">\n\t\t\t\t\t\t\t<div class=\"accordion__item-body\">Puedes realizar tu reserva y pago a trav\u00e9s de esta misma web. Sin embargo, si lo prefieres, tambi\u00e9n puedes realizar tu pago a trav\u00e9s de Bizum. Recibir\u00e1s la confirmaci\u00f3n de tu reserva cuando se haya completado el pago.<\/div>\n\t\t\t\t\t\t<\/div>\n\t\t\t\t\t<\/div>\n\t\t\t\t\t\t\t<\/div>\n\t\t\n\t\t\t\t<\/div>\n\t\t\t\t<\/div>\n\t\t\t\t<div class=\"elementor-element elementor-element-5680b21 elementor-widget elementor-widget-spacer\" data-id=\"5680b21\" data-element_type=\"widget\" data-widget_type=\"spacer.default\">\n\t\t\t\t<div class=\"elementor-widget-container\">\n\t\t\t\t\t<div class=\"elementor-spacer\">\n\t\t\t<div class=\"elementor-spacer-inner\"><\/div>\n\t\t<\/div>\n\t\t\t\t<\/div>\n\t\t\t\t<\/div>\n\t\t\t\t\t<\/div>\n\t\t<\/div>\n\t\t\t\t<div class=\"elementor-column elementor-col-16 elementor-top-column elementor-element elementor-element-8b34b98\" data-id=\"8b34b98\" data-element_type=\"column\">\n\t\t\t<div class=\"elementor-widget-wrap\">\n\t\t\t\t\t\t\t\t\t<\/div>\n\t\t<\/div>\n\t\t\t\t\t\t\t<\/div>\n\t\t<\/section>\n\t\t\t\t\t\t\t<\/div>\n\t\t","protected":false},"excerpt":{"rendered":"","protected":false},"author":2,"featured_media":0,"parent":0,"menu_order":0,"comment_status":"closed","ping_status":"closed","template":"elementor_header_footer","meta":{"om_disable_all_campaigns":false,"_mi_skip_tracking":false},"acf":[],"aioseo_notices":[],"_links":{"self":[{"href":"https:\/\/thehuntescape.com\/index.php\/wp-json\/wp\/v2\/pages\/1134"}],"collection":[{"href":"https:\/\/thehuntescape.com\/index.php\/wp-json\/wp\/v2\/pages"}],"about":[{"href":"https:\/\/thehuntescape.com\/index.php\/wp-json\/wp\/v2\/types\/page"}],"author":[{"embeddable":true,"href":"https:\/\/thehuntescape.com\/index.php\/wp-json\/wp\/v2\/users\/2"}],"replies":[{"embeddable":true,"href":"https:\/\/thehuntescape.com\/index.php\/wp-json\/wp\/v2\/comments?post=1134"}],"version-history":[{"count":0,"href":"https:\/\/thehuntescape.com\/index.php\/wp-json\/wp\/v2\/pages\/1134\/revisions"}],"wp:attachment":[{"href":"https:\/\/thehuntescape.com\/index.php\/wp-json\/wp\/v2\/media?parent=1134"}],"curies":[{"name":"wp","href":"https:\/\/api.w.org\/{rel}","templated":true}]}}