{"id":276,"date":"2018-10-11T14:13:11","date_gmt":"2018-10-11T14:13:11","guid":{"rendered":"http:\/\/escapium-wp.dan-fisher.com\/?page_id=276"},"modified":"2018-10-11T14:13:11","modified_gmt":"2018-10-11T14:13:11","slug":"rooms-grid-2-cols","status":"publish","type":"page","link":"https:\/\/thehuntescape.com\/index.php\/rooms-grid-2-cols\/","title":{"rendered":"Rooms &#8211; Grid &#8211; 2 cols"},"content":{"rendered":"\t\t<div data-elementor-type=\"wp-post\" data-elementor-id=\"276\" class=\"elementor elementor-276 elementor-bc-flex-widget\">\n\t\t\t\t\t\t\t\t\t<section class=\"elementor-section elementor-top-section elementor-element elementor-element-5568027 elementor-section-boxed elementor-section-height-default elementor-section-height-default\" data-id=\"5568027\" data-element_type=\"section\">\n\t\t\t\t\t\t<div class=\"elementor-container elementor-column-gap-default\">\n\t\t\t\t\t<div class=\"elementor-column elementor-col-100 elementor-top-column elementor-element elementor-element-54b5492\" data-id=\"54b5492\" data-element_type=\"column\">\n\t\t\t<div class=\"elementor-widget-wrap elementor-element-populated\">\n\t\t\t\t\t\t\t\t<div class=\"elementor-element elementor-element-b077872 elementor-widget elementor-widget-spacer\" data-id=\"b077872\" data-element_type=\"widget\" data-widget_type=\"spacer.default\">\n\t\t\t\t<div class=\"elementor-widget-container\">\n\t\t\t<style>\/*! elementor - v3.13.2 - 11-05-2023 *\/\n.elementor-column .elementor-spacer-inner{height:var(--spacer-size)}.e-con{--container-widget-width:100%}.e-con-inner>.elementor-widget-spacer,.e-con>.elementor-widget-spacer{width:var(--container-widget-width,var(--spacer-size));--align-self:var(--container-widget-align-self,initial);--flex-shrink:0}.e-con-inner>.elementor-widget-spacer>.elementor-widget-container,.e-con-inner>.elementor-widget-spacer>.elementor-widget-container>.elementor-spacer,.e-con>.elementor-widget-spacer>.elementor-widget-container,.e-con>.elementor-widget-spacer>.elementor-widget-container>.elementor-spacer{height:100%}.e-con-inner>.elementor-widget-spacer>.elementor-widget-container>.elementor-spacer>.elementor-spacer-inner,.e-con>.elementor-widget-spacer>.elementor-widget-container>.elementor-spacer>.elementor-spacer-inner{height:var(--container-widget-height,var(--spacer-size))}<\/style>\t\t<div class=\"elementor-spacer\">\n\t\t\t<div class=\"elementor-spacer-inner\"><\/div>\n\t\t<\/div>\n\t\t\t\t<\/div>\n\t\t\t\t<\/div>\n\t\t\t\t<div class=\"elementor-element elementor-element-48283cf elementor-widget elementor-widget-escapium-rooms\" data-id=\"48283cf\" data-element_type=\"widget\" data-widget_type=\"escapium-rooms.default\">\n\t\t\t\t<div class=\"elementor-widget-container\">\n\t\t\t\t\t\t\t\t<!-- Filter -->\n\t\t\t<div class=\"filter js-filter list-unstyled\">\n\t\t\t\t<li class=\"filter__item\"><button class=\"filter__link btn btn-primary\" data-filter=\"*\">All<\/button><\/li>\n\t\t\t\t<li class=\"filter__item\"><button class=\"filter__link btn btn-outline-secondary\" data-filter=\".room--category-dificil\">Dif\u00edcil<\/button><\/li><li class=\"filter__item\"><button class=\"filter__link btn btn-outline-secondary\" data-filter=\".room--category-normal\">Normal<\/button><\/li>\t\t\t<\/div>\n\t\t\t<!-- Filter \/ End -->\n\t\t\n\t\t<!-- Rooms List -->\n\t\t<div class=\"rooms rooms--grid js-rooms row\" data-is-hash=\"no-hash\" data-filter-all=\"all\">\n\t\t\n<article class=\"room col-md-6\">\n\t<div class=\"room__inner\">\n\t\t<div class=\"room__body\">\n\t\t\t<!-- Header -->\n\t\t\t<header class=\"room__header\">\n\t\t\t\t\n\t\t\t\t\n\t<!-- Rating -->\n\t<div class=\"room__complexity rating-icons\">\n\t\t<div class=\"rating-icons__placeholder\">\n\t\t\t<i class=\"ion-locked\"><\/i><i class=\"ion-locked\"><\/i><i class=\"ion-locked\"><\/i><i class=\"ion-locked\"><\/i><i class=\"ion-locked\"><\/i>\t\t<\/div>\n\t\t<div class=\"rating-icons__active\">\n\t\t\t<i class=\"ion-locked\"><\/i><i class=\"ion-locked\"><\/i><i class=\"ion-locked\"><\/i>\t\t<\/div>\n\t<\/div>\n\t<!-- Rating \/ End -->\n\n\t\t\t\t<!-- Title -->\n\t\t\t\t<h2 class=\"room__title\"><a href=\"https:\/\/thehuntescape.com\/index.php\/rooms\/pandora-hotel-el-prado\/\">Pandora &#8211; Hoteles Prado<\/a><\/h2>\n\t\t\t\t<!-- Title \/ End -->\n\n\t\t\t\t\n<!-- Meta -->\n<div class=\"room__meta\">\n\n\t\t\t<div class=\"room__meta-item\">\n\t\t\t<i class=\"ion-person-stalker\"><\/i> 2-10\t\t<\/div>\n\t\n\t\t\t<div class=\"room__meta-item\">\n\t\t\t<i class=\"icon-clock\"><\/i> 30\t\t<\/div>\n\t\n\t\t\t<div class=\"room__meta-item\">\n\t\t\t<i class=\"ion-location\"><\/i> Hoteles Prado\t\t<\/div>\n\t\n<\/div>\n<!-- Meta \/ End -->\n\n\t\t\t<\/header>\n\t\t\t<!-- Header \/ End -->\n\t\t<\/div>\n\t\t<!-- Image -->\n\t\t<figure class=\"room__img\">\n\t\t\t<a href=\"https:\/\/thehuntescape.com\/index.php\/rooms\/pandora-hotel-el-prado\/\"><img width=\"555\" height=\"360\" src=\"https:\/\/thehuntescape.com\/wp-content\/uploads\/2022\/04\/WhatsApp-Image-2022-04-19-at-7.50.31-PM-2-555x360.jpeg\" class=\"attachment-escapium_thumbnail-rooms-grid-2cols size-escapium_thumbnail-rooms-grid-2cols\" alt=\"\" decoding=\"async\" loading=\"lazy\" \/><\/a>\n\t\t<\/figure>\n\t\t<!-- Image \/ End -->\n\t<\/div>\n<\/article>\n\n<article class=\"room col-md-6\">\n\t<div class=\"room__inner\">\n\t\t<div class=\"room__body\">\n\t\t\t<!-- Header -->\n\t\t\t<header class=\"room__header\">\n\t\t\t\t\n\t\t\t\t\n\t<!-- Rating -->\n\t<div class=\"room__complexity rating-icons\">\n\t\t<div class=\"rating-icons__placeholder\">\n\t\t\t<i class=\"ion-locked\"><\/i><i class=\"ion-locked\"><\/i><i class=\"ion-locked\"><\/i><i class=\"ion-locked\"><\/i><i class=\"ion-locked\"><\/i>\t\t<\/div>\n\t\t<div class=\"rating-icons__active\">\n\t\t\t<i class=\"ion-locked\"><\/i><i class=\"ion-locked\"><\/i><i class=\"ion-locked\"><\/i><i class=\"ion-locked\"><\/i>\t\t<\/div>\n\t<\/div>\n\t<!-- Rating \/ End -->\n\n\t\t\t\t<!-- Title -->\n\t\t\t\t<h2 class=\"room__title\"><a href=\"https:\/\/thehuntescape.com\/index.php\/rooms\/sherlock-holmes-la-ultima-jugada-peniscola\/\">Sherlock Holmes: La \u00faltima jugada &#8211; Pe\u00f1\u00edscola<\/a><\/h2>\n\t\t\t\t<!-- Title \/ End -->\n\n\t\t\t\t\n<!-- Meta -->\n<div class=\"room__meta\">\n\n\t\t\t<div class=\"room__meta-item\">\n\t\t\t<i class=\"ion-person-stalker\"><\/i> 2-50\t\t<\/div>\n\t\n\t\t\t<div class=\"room__meta-item\">\n\t\t\t<i class=\"icon-clock\"><\/i> 75\t\t<\/div>\n\t\n\t\t\t<div class=\"room__meta-item\">\n\t\t\t<i class=\"ion-location\"><\/i> Puerto de Pe\u00f1\u00edscola\t\t<\/div>\n\t\n<\/div>\n<!-- Meta \/ End -->\n\n\t\t\t<\/header>\n\t\t\t<!-- Header \/ End -->\n\t\t<\/div>\n\t\t<!-- Image -->\n\t\t<figure class=\"room__img\">\n\t\t\t<a href=\"https:\/\/thehuntescape.com\/index.php\/rooms\/sherlock-holmes-la-ultima-jugada-peniscola\/\"><img width=\"555\" height=\"360\" src=\"https:\/\/thehuntescape.com\/wp-content\/uploads\/2022\/04\/WhatsApp-Image-2022-04-19-at-7.46.58-PM-8-555x360.jpeg\" class=\"attachment-escapium_thumbnail-rooms-grid-2cols size-escapium_thumbnail-rooms-grid-2cols\" alt=\"\" decoding=\"async\" loading=\"lazy\" \/><\/a>\n\t\t<\/figure>\n\t\t<!-- Image \/ End -->\n\t<\/div>\n<\/article>\n\n<article class=\"room col-md-6\">\n\t<div class=\"room__inner\">\n\t\t<div class=\"room__body\">\n\t\t\t<!-- Header -->\n\t\t\t<header class=\"room__header\">\n\t\t\t\t\n\t\t\t\t\n\t<!-- Rating -->\n\t<div class=\"room__complexity rating-icons\">\n\t\t<div class=\"rating-icons__placeholder\">\n\t\t\t<i class=\"ion-locked\"><\/i><i class=\"ion-locked\"><\/i><i class=\"ion-locked\"><\/i><i class=\"ion-locked\"><\/i><i class=\"ion-locked\"><\/i>\t\t<\/div>\n\t\t<div class=\"rating-icons__active\">\n\t\t\t<i class=\"ion-locked\"><\/i><i class=\"ion-locked\"><\/i><i class=\"ion-locked\"><\/i><i class=\"ion-locked\"><\/i>\t\t<\/div>\n\t<\/div>\n\t<!-- Rating \/ End -->\n\n\t\t\t\t<!-- Title -->\n\t\t\t\t<h2 class=\"room__title\"><a href=\"https:\/\/thehuntescape.com\/index.php\/rooms\/sherlock-holmes-la-ultima-jugada-madrid\/\">Sherlock Holmes: la \u00faltima jugada (Madrid)<\/a><\/h2>\n\t\t\t\t<!-- Title \/ End -->\n\n\t\t\t\t\n<!-- Meta -->\n<div class=\"room__meta\">\n\n\t\t\t<div class=\"room__meta-item\">\n\t\t\t<i class=\"ion-person-stalker\"><\/i> 2-50\t\t<\/div>\n\t\n\t\t\t<div class=\"room__meta-item\">\n\t\t\t<i class=\"icon-clock\"><\/i> 120\t\t<\/div>\n\t\n\t\n<\/div>\n<!-- Meta \/ End -->\n\n\t\t\t<\/header>\n\t\t\t<!-- Header \/ End -->\n\t\t<\/div>\n\t\t<!-- Image -->\n\t\t<figure class=\"room__img\">\n\t\t\t<a href=\"https:\/\/thehuntescape.com\/index.php\/rooms\/sherlock-holmes-la-ultima-jugada-madrid\/\"><img width=\"555\" height=\"360\" src=\"https:\/\/thehuntescape.com\/wp-content\/uploads\/2022\/04\/WhatsApp-Image-2022-04-19-at-7.46.58-PM-5-555x360.jpeg\" class=\"attachment-escapium_thumbnail-rooms-grid-2cols size-escapium_thumbnail-rooms-grid-2cols\" alt=\"\" decoding=\"async\" loading=\"lazy\" \/><\/a>\n\t\t<\/figure>\n\t\t<!-- Image \/ End -->\n\t<\/div>\n<\/article>\n\n<article class=\"room col-md-6 room--category-normal\">\n\t<div class=\"room__inner\">\n\t\t<div class=\"room__body\">\n\t\t\t<!-- Header -->\n\t\t\t<header class=\"room__header\">\n\t\t\t\t\n\t\t\t\t\n\t<!-- Rating -->\n\t<div class=\"room__complexity rating-icons\">\n\t\t<div class=\"rating-icons__placeholder\">\n\t\t\t<i class=\"ion-locked\"><\/i><i class=\"ion-locked\"><\/i><i class=\"ion-locked\"><\/i><i class=\"ion-locked\"><\/i><i class=\"ion-locked\"><\/i>\t\t<\/div>\n\t\t<div class=\"rating-icons__active\">\n\t\t\t<i class=\"ion-locked\"><\/i><i class=\"ion-locked\"><\/i><i class=\"ion-locked\"><\/i><i class=\"ion-locked\"><\/i>\t\t<\/div>\n\t<\/div>\n\t<!-- Rating \/ End -->\n\n\t\t\t\t<!-- Title -->\n\t\t\t\t<h2 class=\"room__title\"><a href=\"https:\/\/thehuntescape.com\/index.php\/rooms\/la-ultima-jugada\/\">Sherlock Holmes: La \u00faltima jugada<\/a><\/h2>\n\t\t\t\t<!-- Title \/ End -->\n\n\t\t\t\t\n<!-- Meta -->\n<div class=\"room__meta\">\n\n\t\t\t<div class=\"room__meta-item\">\n\t\t\t<i class=\"ion-person-stalker\"><\/i> 2-50\t\t<\/div>\n\t\n\t\t\t<div class=\"room__meta-item\">\n\t\t\t<i class=\"icon-clock\"><\/i> 120\t\t<\/div>\n\t\n\t\t\t<div class=\"room__meta-item\">\n\t\t\t<i class=\"ion-location\"><\/i> Plaza San Miguel\t\t<\/div>\n\t\n<\/div>\n<!-- Meta \/ End -->\n\n\t\t\t<\/header>\n\t\t\t<!-- Header \/ End -->\n\t\t<\/div>\n\t\t<!-- Image -->\n\t\t<figure class=\"room__img\">\n\t\t\t<a href=\"https:\/\/thehuntescape.com\/index.php\/rooms\/la-ultima-jugada\/\"><img width=\"555\" height=\"360\" src=\"https:\/\/thehuntescape.com\/wp-content\/uploads\/2022\/04\/WhatsApp-Image-2022-04-19-at-7.46.58-PM-5-555x360.jpeg\" class=\"attachment-escapium_thumbnail-rooms-grid-2cols size-escapium_thumbnail-rooms-grid-2cols\" alt=\"\" decoding=\"async\" loading=\"lazy\" \/><\/a>\n\t\t<\/figure>\n\t\t<!-- Image \/ End -->\n\t<\/div>\n<\/article>\n\n<article class=\"room col-md-6 room--category-dificil\">\n\t<div class=\"room__inner\">\n\t\t<div class=\"room__body\">\n\t\t\t<!-- Header -->\n\t\t\t<header class=\"room__header\">\n\t\t\t\t\n\t\t\t\t\n\t<!-- Rating -->\n\t<div class=\"room__complexity rating-icons\">\n\t\t<div class=\"rating-icons__placeholder\">\n\t\t\t<i class=\"ion-locked\"><\/i><i class=\"ion-locked\"><\/i><i class=\"ion-locked\"><\/i><i class=\"ion-locked\"><\/i><i class=\"ion-locked\"><\/i>\t\t<\/div>\n\t\t<div class=\"rating-icons__active\">\n\t\t\t<i class=\"ion-locked\"><\/i><i class=\"ion-locked\"><\/i><i class=\"ion-locked\"><\/i><i class=\"ion-locked\"><\/i>\t\t<\/div>\n\t<\/div>\n\t<!-- Rating \/ End -->\n\n\t\t\t\t<!-- Title -->\n\t\t\t\t<h2 class=\"room__title\"><a href=\"https:\/\/thehuntescape.com\/index.php\/rooms\/la-traicion-de-hispania\/\">La traici\u00f3n de Hispania<\/a><\/h2>\n\t\t\t\t<!-- Title \/ End -->\n\n\t\t\t\t\n<!-- Meta -->\n<div class=\"room__meta\">\n\n\t\t\t<div class=\"room__meta-item\">\n\t\t\t<i class=\"ion-person-stalker\"><\/i> 2-50\t\t<\/div>\n\t\n\t\t\t<div class=\"room__meta-item\">\n\t\t\t<i class=\"icon-clock\"><\/i> 120\t\t<\/div>\n\t\n\t\t\t<div class=\"room__meta-item\">\n\t\t\t<i class=\"ion-location\"><\/i> Zaragoza - Plaza San Bruno - Puerto Fluvial\t\t<\/div>\n\t\n<\/div>\n<!-- Meta \/ End -->\n\n\t\t\t<\/header>\n\t\t\t<!-- Header \/ End -->\n\t\t<\/div>\n\t\t<!-- Image -->\n\t\t<figure class=\"room__img\">\n\t\t\t<a href=\"https:\/\/thehuntescape.com\/index.php\/rooms\/la-traicion-de-hispania\/\"><img width=\"555\" height=\"360\" src=\"https:\/\/thehuntescape.com\/wp-content\/uploads\/2022\/04\/WhatsApp-Image-2022-04-19-at-7.50.31-PM-11-555x360.jpeg\" class=\"attachment-escapium_thumbnail-rooms-grid-2cols size-escapium_thumbnail-rooms-grid-2cols\" alt=\"\" decoding=\"async\" loading=\"lazy\" \/><\/a>\n\t\t<\/figure>\n\t\t<!-- Image \/ End -->\n\t<\/div>\n<\/article>\n\t\t<\/div>\n\t\t<!-- Rooms List \/ End -->\n\t\t\n\t\t\t\t<\/div>\n\t\t\t\t<\/div>\n\t\t\t\t<div class=\"elementor-element elementor-element-29c54d9 elementor-widget elementor-widget-spacer\" data-id=\"29c54d9\" data-element_type=\"widget\" data-widget_type=\"spacer.default\">\n\t\t\t\t<div class=\"elementor-widget-container\">\n\t\t\t\t\t<div class=\"elementor-spacer\">\n\t\t\t<div class=\"elementor-spacer-inner\"><\/div>\n\t\t<\/div>\n\t\t\t\t<\/div>\n\t\t\t\t<\/div>\n\t\t\t\t\t<\/div>\n\t\t<\/div>\n\t\t\t\t\t\t\t<\/div>\n\t\t<\/section>\n\t\t\t\t\t\t\t<\/div>\n\t\t","protected":false},"excerpt":{"rendered":"","protected":false},"author":1,"featured_media":0,"parent":0,"menu_order":0,"comment_status":"closed","ping_status":"closed","template":"elementor_header_footer","meta":{"om_disable_all_campaigns":false,"_mi_skip_tracking":false},"acf":[],"aioseo_notices":[],"_links":{"self":[{"href":"https:\/\/thehuntescape.com\/index.php\/wp-json\/wp\/v2\/pages\/276"}],"collection":[{"href":"https:\/\/thehuntescape.com\/index.php\/wp-json\/wp\/v2\/pages"}],"about":[{"href":"https:\/\/thehuntescape.com\/index.php\/wp-json\/wp\/v2\/types\/page"}],"author":[{"embeddable":true,"href":"https:\/\/thehuntescape.com\/index.php\/wp-json\/wp\/v2\/users\/1"}],"replies":[{"embeddable":true,"href":"https:\/\/thehuntescape.com\/index.php\/wp-json\/wp\/v2\/comments?post=276"}],"version-history":[{"count":0,"href":"https:\/\/thehuntescape.com\/index.php\/wp-json\/wp\/v2\/pages\/276\/revisions"}],"wp:attachment":[{"href":"https:\/\/thehuntescape.com\/index.php\/wp-json\/wp\/v2\/media?parent=276"}],"curies":[{"name":"wp","href":"https:\/\/api.w.org\/{rel}","templated":true}]}}